{"id":62,"date":"2024-05-10T23:30:49","date_gmt":"2024-05-10T21:30:49","guid":{"rendered":"https:\/\/escapegrn.com\/?page_id=62"},"modified":"2024-09-07T20:03:24","modified_gmt":"2024-09-07T18:03:24","slug":"autoria","status":"publish","type":"page","link":"https:\/\/escapegrn.com\/es\/autoria\/","title":{"rendered":"AUTOR\u00cdA"},"content":{"rendered":"<p><\/p>\n\n\n\n<p class=\"has-medium-font-size\">Soy Pol Planella, tengo dieciocho a\u00f1os y he cursado un ciclo formativo de grado medio de inform\u00e1tica en la Salle Girona. Este videojuego es mi proyecto de s\u00edntesis del segundo curso ha sido creado por m\u00ed sin experiencia como creador de videojuegos.<\/p>\n\n\n\n<figure class=\"wp-block-image size-full\"><img loading=\"lazy\" decoding=\"async\" width=\"712\" height=\"597\" src=\"https:\/\/escapegrn.com\/wp-content\/uploads\/2024\/09\/foto-graduacio2.jpg\" alt=\"\" class=\"wp-image-123\" srcset=\"https:\/\/escapegrn.com\/wp-content\/uploads\/2024\/09\/foto-graduacio2.jpg 712w, https:\/\/escapegrn.com\/wp-content\/uploads\/2024\/09\/foto-graduacio2-300x252.jpg 300w, https:\/\/escapegrn.com\/wp-content\/uploads\/2024\/09\/foto-graduacio2-14x12.jpg 14w\" sizes=\"auto, (max-width: 712px) 100vw, 712px\" \/><\/figure>\n\n\n\n<p><\/p>","protected":false},"excerpt":{"rendered":"<p>Soy Pol Planella, tengo dieciocho a\u00f1os y he cursado un ciclo formativo de grado medio de inform\u00e1tica en la Salle Girona. Este videojuego es mi proyecto de s\u00edntesis del segundo curso ha sido creado por m\u00ed sin experiencia como creador de videojuegos.<\/p>","protected":false},"author":1,"featured_media":0,"parent":0,"menu_order":0,"comment_status":"closed","ping_status":"closed","template":"","meta":{"footnotes":""},"class_list":["post-62","page","type-page","status-publish","hentry"],"_links":{"self":[{"href":"https:\/\/escapegrn.com\/es\/wp-json\/wp\/v2\/pages\/62","targetHints":{"allow":["GET"]}}],"collection":[{"href":"https:\/\/escapegrn.com\/es\/wp-json\/wp\/v2\/pages"}],"about":[{"href":"https:\/\/escapegrn.com\/es\/wp-json\/wp\/v2\/types\/page"}],"author":[{"embeddable":true,"href":"https:\/\/escapegrn.com\/es\/wp-json\/wp\/v2\/users\/1"}],"replies":[{"embeddable":true,"href":"https:\/\/escapegrn.com\/es\/wp-json\/wp\/v2\/comments?post=62"}],"version-history":[{"count":11,"href":"https:\/\/escapegrn.com\/es\/wp-json\/wp\/v2\/pages\/62\/revisions"}],"predecessor-version":[{"id":160,"href":"https:\/\/escapegrn.com\/es\/wp-json\/wp\/v2\/pages\/62\/revisions\/160"}],"wp:attachment":[{"href":"https:\/\/escapegrn.com\/es\/wp-json\/wp\/v2\/media?parent=62"}],"curies":[{"name":"wp","href":"https:\/\/api.w.org\/{rel}","templated":true}]}}