{"id":54,"date":"2024-05-10T22:51:27","date_gmt":"2024-05-10T20:51:27","guid":{"rendered":"https:\/\/escapegrn.com\/?page_id=54"},"modified":"2024-09-07T20:06:55","modified_gmt":"2024-09-07T18:06:55","slug":"nivells","status":"publish","type":"page","link":"https:\/\/escapegrn.com\/es\/nivells\/","title":{"rendered":"NIVELES"},"content":{"rendered":"<p>La mec\u00e1nica del videojuego es de tipo plataforma, donde el personaje puede saltar y moverse horizontalmente.<\/p>\n\n\n\n<figure class=\"wp-block-video\"><video height=\"480\" style=\"aspect-ratio: 852 \/ 480;\" width=\"852\" controls src=\"https:\/\/escapegrn.com\/wp-content\/uploads\/2024\/05\/mecaniques1.mp4\"><\/video><\/figure>\n\n\n\n<p><\/p>\n\n\n\n<p><strong>V\u00eddeo de Demo del Nivel 1<\/strong><\/p>\n\n\n\n<figure class=\"wp-block-embed is-type-video is-provider-youtube wp-block-embed-youtube wp-embed-aspect-16-9 wp-has-aspect-ratio\"><div class=\"wp-block-embed__wrapper\">\n<iframe loading=\"lazy\" title=\"Demo Nivell 1 Escape GRN\" width=\"500\" height=\"281\" src=\"https:\/\/www.youtube.com\/embed\/XAwonAnozys?feature=oembed\" frameborder=\"0\" allow=\"accelerometer; autoplay; clipboard-write; encrypted-media; gyroscope; picture-in-picture; web-share\" referrerpolicy=\"strict-origin-when-cross-origin\" allowfullscreen><\/iframe>\n<\/div><\/figure>\n\n\n\n<p><strong>Nivel 1<\/strong><\/p>\n\n\n\n<p>El personaje pasa por la muralla de Gerona y se aprenden las mec\u00e1nicas b\u00e1sicas.<\/p>\n\n\n\n<figure class=\"wp-block-image size-full\"><img loading=\"lazy\" decoding=\"async\" width=\"663\" height=\"327\" src=\"https:\/\/escapegrn.com\/wp-content\/uploads\/2024\/05\/image.jpg\" alt=\"\" class=\"wp-image-56\"\/><\/figure>\n\n\n\n<p><strong>Nivel 2<\/strong><\/p>\n\n\n\n<p>El personaje pasa por las cloacas y encuentra nuevos enemigos.<\/p>\n\n\n\n<figure class=\"wp-block-image size-full\"><img loading=\"lazy\" decoding=\"async\" width=\"695\" height=\"342\" src=\"https:\/\/escapegrn.com\/wp-content\/uploads\/2024\/05\/image.png\" alt=\"\" class=\"wp-image-57\"\/><\/figure>\n\n\n\n<p><strong>Nivel 3<\/strong><\/p>\n\n\n\n<p>El personaje pasa por la ciudad de Girona y encuentra estructuras ic\u00f3nicas.<\/p>\n\n\n\n<figure class=\"wp-block-image size-full\"><img loading=\"lazy\" decoding=\"async\" width=\"663\" height=\"326\" src=\"https:\/\/escapegrn.com\/wp-content\/uploads\/2024\/05\/image-1.jpg\" alt=\"\" class=\"wp-image-58\"\/><\/figure>","protected":false},"excerpt":{"rendered":"<p>La mec\u00e0nica del videojoc \u00e9s de tipus plataforma on el personatge pot saltar i moure&#8217;s horitzontalment. V\u00eddeo de Demo del Nivell 1 Nivell 1 El personatge passa per la muralla de Girona i s&#8217;aprenen les mec\u00e0niques b\u00e0siques. Nivell 2 El personatge passa per les clavegueres i troba nous enemics. Nivell 3 El personatge passa per [&hellip;]<\/p>","protected":false},"author":1,"featured_media":0,"parent":0,"menu_order":0,"comment_status":"closed","ping_status":"closed","template":"","meta":{"footnotes":""},"class_list":["post-54","page","type-page","status-publish","hentry"],"_links":{"self":[{"href":"https:\/\/escapegrn.com\/es\/wp-json\/wp\/v2\/pages\/54","targetHints":{"allow":["GET"]}}],"collection":[{"href":"https:\/\/escapegrn.com\/es\/wp-json\/wp\/v2\/pages"}],"about":[{"href":"https:\/\/escapegrn.com\/es\/wp-json\/wp\/v2\/types\/page"}],"author":[{"embeddable":true,"href":"https:\/\/escapegrn.com\/es\/wp-json\/wp\/v2\/users\/1"}],"replies":[{"embeddable":true,"href":"https:\/\/escapegrn.com\/es\/wp-json\/wp\/v2\/comments?post=54"}],"version-history":[{"count":5,"href":"https:\/\/escapegrn.com\/es\/wp-json\/wp\/v2\/pages\/54\/revisions"}],"predecessor-version":[{"id":167,"href":"https:\/\/escapegrn.com\/es\/wp-json\/wp\/v2\/pages\/54\/revisions\/167"}],"wp:attachment":[{"href":"https:\/\/escapegrn.com\/es\/wp-json\/wp\/v2\/media?parent=54"}],"curies":[{"name":"wp","href":"https:\/\/api.w.org\/{rel}","templated":true}]}}